{"id":9607,"date":"2024-01-12T02:36:02","date_gmt":"2024-01-12T02:36:02","guid":{"rendered":"https:\/\/thetruecolombianexperience.com\/?post_type=product&#038;p=9607"},"modified":"2026-01-02T14:30:23","modified_gmt":"2026-01-02T14:30:23","slug":"walking-tour-true-colombian-experience-in-bogota","status":"publish","type":"product","link":"https:\/\/thetruecolombianexperience.com\/es\/producto\/walking-tour-true-colombian-experience-in-bogota\/","title":{"rendered":"\ud83d\udeb6\u200d\u2640\ufe0f Bogot\u00e1: Tour Aut\u00e9ntico Colombiano + Snacks Locales"},"content":{"rendered":"<h1>\ud83d\udeb6\u200d\u2640\ufe0f Bogot\u00e1: Tour Aut\u00e9ntico Colombiano + Snacks Locales<\/h1>\n<p><strong>Ad\u00e9ntrate en el coraz\u00f3n de Bogot\u00e1 con el True Colombian Walking Tour<\/strong>Una experiencia cultural profunda que va mucho m\u00e1s all\u00e1 del turismo tradicional. Guiado por un experto biling\u00fce, este recorrido inmersivo por La Candelaria revela la historia vibrante, los sabores y las leyendas de la ciudad en cada calle, relato y sorbo.<\/p>\n<p>Comienza explorando el Mercado de La Concordia, el segundo m\u00e1s antiguo de Bogot\u00e1, donde probar\u00e1s una variedad de frutas colombianas ex\u00f3ticas y disfrutar\u00e1s de una degustaci\u00f3n tradicional de chicha. Dependiendo del d\u00eda, tu gu\u00eda podr\u00e1 ofrecer la chicha en el mercado o m\u00e1s adelante en el Chorro de Quevedo \u2014 el legendario lugar de nacimiento de la ciudad, rodeado de murales coloridos y encanto colonial.<\/p>\n<p>Contin\u00faa por las calles coloniales y haz una pausa en una cafeter\u00eda acogedora para disfrutar de caf\u00e9 colombiano reci\u00e9n preparado. Unos pasos m\u00e1s adelante, ser\u00e1s invitado a probar t\u00e9 de coca \u2014 una tradici\u00f3n andina que te conecta con las ra\u00edces ind\u00edgenas de la regi\u00f3n. En el recorrido, admira la arquitectura g\u00f3tica de Nuestra Se\u00f1ora del Carmen, pasea por la Plaza de Bol\u00edvar mientras escuchas historias de revoluci\u00f3n y resiliencia, y camina por La S\u00e9ptima, la calle peatonal m\u00e1s larga de Am\u00e9rica Latina. Tambi\u00e9n explorar\u00e1s el Eje Ambiental, un singular corredor urbano de agua rodeado de arte p\u00fablico.<\/p>\n<p>El tour termina con un estallido \u2014 literalmente \u2014 en un sal\u00f3n local de Tejo, donde aprender\u00e1s a jugar el explosivo deporte nacional de Colombia. Mientras apuntas a los blancos llenos de p\u00f3lvora, disfrutar\u00e1s de un snack tradicional: chocolate caliente con queso, una combinaci\u00f3n muy querida en Bogot\u00e1.<\/p>\n<p>Este <strong>Recorrido a pie por Bogot\u00e1<\/strong> Se adapta al clima y al tama\u00f1o del grupo. Idealmente, los grupos se mantienen por debajo de 15 personas y se dividen cuando es necesario. Sin embargo, si las reservas de \u00faltimo minuto superan los 30 participantes, nuestros gu\u00edas expertos est\u00e1n completamente capacitados para manejar grupos grandes sin perder la experiencia personalizada y envolvente.<\/p>\n<h2>\u00bfPor qu\u00e9 reservar el True Colombian Walking Tour?<\/h2>\n<p>Este <strong>Recorrido a pie por Bogot\u00e1<\/strong> Ofrece mucho m\u00e1s que turismo; es una inmersi\u00f3n cultural guiada por narradores apasionados. Desde plazas coloniales y mercados vibrantes hasta iglesias g\u00f3ticas y callejones llenos de arte urbano, cada paso revela el alma de Bogot\u00e1.<\/p>\n<p>Adem\u00e1s, disfrutar\u00e1s de snacks locales, participar\u00e1s en juegos tradicionales y escuchar\u00e1s las historias que dieron forma a la capital de Colombia. Nuestros gu\u00edas no solo comparten datos \u2014 cuentan relatos que te conectan con la cultura, los desaf\u00edos y la belleza de Bogot\u00e1.<\/p>\n<h3>\u2728 Recorrido a pie por Bogot\u00e1: Descubre la historia paso a paso<\/h3>\n<p>Pasea por las calles coloniales de La Candelaria, zonas peatonales llenas de vida y joyas arquitect\u00f3nicas. Prueba frutas ex\u00f3ticas, admira el arte p\u00fablico y conoce la transformaci\u00f3n de Bogot\u00e1: de asentamiento sagrado a metr\u00f3polis vibrante.<\/p>\n<p>Desde el chocolate santafere\u00f1o hasta las degustaciones de chicha, cada bocado profundiza tu conexi\u00f3n con las ra\u00edces de Colombia. Como resultado, te ir\u00e1s con una comprensi\u00f3n m\u00e1s rica de la identidad de la ciudad.<\/p>\n<h3>\u2705 \u00bfQu\u00e9 incluye el recorrido a pie?<\/h3>\n<ul>\n<li>\ud83c\udf49 Degustaci\u00f3n de frutas en un mercado local<\/li>\n<li>\ud83c\udf7a Degustaci\u00f3n tradicional de chicha<\/li>\n<li>\ud83d\udca5 Juego de Tejo en un caf\u00e9 local<\/li>\n<li>\ud83d\udde3\ufe0f Gu\u00eda biling\u00fce (ingl\u00e9s y espa\u00f1ol)<\/li>\n<li>\ud83d\udcf8 Perspectivas culturales en lugares emblem\u00e1ticos<\/li>\n<\/ul>\n<h3>\ud83d\udeab \u00bfQu\u00e9 no est\u00e1 incluido?<\/h3>\n<ul>\n<li>\ud83d\udcb3 Gastos personales o art\u00edculos no mencionados anteriormente<\/li>\n<li>\ud83d\ude96 El servicio de recogida y regreso al hotel no est\u00e1 incluido. <strong>no incluido por defecto<\/strong> \ud83d\ude96 El servicio de recogida y regreso al hotel no est\u00e1 incluido, pero puede organizarse por un costo adicional previa solicitud.<\/li>\n<\/ul>\n<h3>\ud83e\udded Puntos destacados del itinerario del recorrido a pie<\/h3>\n<p>\ud83d\udd52 Duraci\u00f3n: 3\u20134 horas | \ud83d\udd58 Hora de inicio: 10:30 a.\u202fm. o 3:00 p.\u202fm.<br \/>\n\ud83d\udccd Punto de encuentro: The Cranky Croc Hostel, ubicado en La Candelaria, cerca del Chorro de Quevedo y la Plaza de Bol\u00edvar.\ncalle 12D#3-46 centro historico<\/p>\n<h4>\ud83d\udccd Punto de inicio: The Cranky Croc Hostel<\/h4>\n<ul>\n<li>\ud83d\udccd Reg\u00edstrate en la recepci\u00f3n de The Cranky Croc Hostel.<\/li>\n<li>\u23f3 Llega 10\u201315 minutos antes. Si llegas tarde, debes notificar por WhatsApp.<\/li>\n<\/ul>\n<h4>\ud83c\udf1f Paradas incluidas:<\/h4>\n<ul>\n<li><strong>Chorro de Quevedo:<\/strong> Sitio hist\u00f3rico de la fundaci\u00f3n de Bogot\u00e1 \u2014 20\u202fminutos<\/li>\n<li><strong>La Concordia Market:<\/strong> Degustaci\u00f3n de frutas e interacci\u00f3n local \u2014 30\u202fminutos<\/li>\n<\/ul>\n<p>\u00bfQuieres profundizar en la cultura frutal de Bogot\u00e1? Lee nuestro cuento. <a href=\"https:\/\/thetruecolombianexperience.com\/bogota-the-dazzling-city-hidden-in-fruit\/\" target=\"_blank\" rel=\"noopener\">\u201cBogot\u00e1, the Dazzling City Hidden in Fruit\u201d<\/a> \u2014 el recorrido de un viajero por los mercados y sabores de la ciudad.<\/p>\n<ul>\n<li><strong>Nuestra Se\u00f1ora del Carmen:<\/strong> Ver iglesia de estilo g\u00f3tico \u2014 10\u202fminutos<\/li>\n<li><strong>Plaza de Bol\u00edvar:<\/strong> Visita la plaza principal y conoce su legado \u2014 30\u202fminutos<\/li>\n<li><strong>La S\u00e9ptima:<\/strong> Camina por la calle peatonal m\u00e1s larga de Am\u00e9rica Latina \u2014 20\u202fminutos<\/li>\n<li><strong>Eje Ambiental:<\/strong> Explora el r\u00edo canalizado que divide la ciudad \u2014 15\u202fminutos<\/li>\n<li><strong>Caf\u00e9 Magola:<\/strong> \ud83c\udf6b Degustaci\u00f3n de chocolate y juego de Tejo \u2014 45\u202fminutos<\/li>\n<\/ul>\n<h4>Punto final<\/h4>\n<ul>\n<li>\ud83d\udccd El tour termina de regreso en The Cranky Croc Hostel.<\/li>\n<\/ul>\n<h3>\u267f Accesibilidad e informaci\u00f3n para viajeros<\/h3>\n<ul>\n<li>Accesible para sillas de ruedas y cochecitos.<\/li>\n<li>Se permiten animales de servicio<\/li>\n<li>Cerca del transporte p\u00fablico<\/li>\n<li>Tama\u00f1o m\u00e1ximo del grupo: 30 viajeros.<\/li>\n<li>Los participantes deben poder caminar largas distancias.<\/li>\n<\/ul>\n<h3>\ud83d\udcde Contacto<\/h3>\n<p>Para preguntas o para coordinar servicios especiales:<br \/>\n\ud83d\udcf2 WhatsApp: <a href=\"https:\/\/wa.me\/573146321325\" target=\"_blank\" rel=\"noopener\">+57 314 6321325<\/a><\/p>\n<p>\u00bfNecesitas recogida en el hotel? Escr\u00edbenos por WhatsApp para coordinarla con un costo adicional. <a href=\"https:\/\/wa.me\/573146321325\" target=\"_blank\" rel=\"noopener\">+57 314 6321325<\/a><\/p>\n<h3>\ud83d\uded1 Pol\u00edtica de cancelaci\u00f3n<\/h3>\n<ul>\n<li>Reembolso completo por cancelaciones realizadas al menos <strong>24 horas antes del inicio del tour.<\/strong>.<\/li>\n<\/ul>\n<h3>\ud83d\uddd3\ufe0f Horario<\/h3>\n<p>Disponible todos los d\u00edas de la semana. Los tours son biling\u00fces (ingl\u00e9s y espa\u00f1ol) seg\u00fan la composici\u00f3n del grupo.<\/p>\n<h3>\ud83c\udf1f \u00bfListo para caminar por el coraz\u00f3n de Bogot\u00e1?<\/h3>\n<p>Click <strong>\ud83d\udece\ufe0f **Reserva ahora**<\/strong> para reservar tu cupo y sumergirte en la verdadera experiencia colombiana de Bogot\u00e1 \u2014 a trav\u00e9s de calles vibrantes, juegos legendarios y los sabores de la tradici\u00f3n.<\/p>","protected":false},"excerpt":{"rendered":"<p>Bogot\u00e1: True Colombian Walking Tour + Local Snacks Step into the heart of Bogot\u00e1 with the True Colombian Walking Tour; a rich cultural experience that goes far beyond sightseeing. Led by a bilingual guide, this immersive journey through La Candelaria reveals the city\u2019s vibrant history, flavors, and legends through every street, story, and sip. Start [&hellip;]<\/p>\n","protected":false},"featured_media":10722,"template":"","meta":[],"product_brand":[],"product_cat":[104],"product_tag":[],"class_list":{"0":"post-9607","1":"product","2":"type-product","3":"status-publish","4":"has-post-thumbnail","6":"product_cat-tours","8":"first","9":"instock","10":"shipping-taxable","11":"purchasable","12":"product-type-ovabrw_car_rental"},"yoast_head":"<!-- This site is optimized with the Yoast SEO plugin v27.0 - https:\/\/yoast.com\/product\/yoast-seo-wordpress\/ -->\n<title>Bogot\u00e1 Walking Tour \u2014 True Colombian Experience with Snacks<\/title>\n<meta name=\"description\" content=\"Discover Bogot\u00e1 on foot with our cultural walking tour. Taste fruits, play Tejo, and explore La Candelaria\u2019s stories with a bilingual local guide.\" \/>\n<meta name=\"robots\" content=\"index, follow, max-snippet:-1, max-image-preview:large, max-video-preview:-1\" \/>\n<link rel=\"canonical\" href=\"https:\/\/thetruecolombianexperience.com\/es\/producto\/walking-tour-true-colombian-experience-in-bogota\/\" \/>\n<meta property=\"og:locale\" content=\"es_ES\" \/>\n<meta property=\"og:type\" content=\"article\" \/>\n<meta property=\"og:title\" content=\"Bogot\u00e1 Walking Tour \u2014 True Colombian Experience with Snacks\" \/>\n<meta property=\"og:description\" content=\"Discover Bogot\u00e1 on foot with our cultural walking tour. Taste fruits, play Tejo, and explore La Candelaria\u2019s stories with a bilingual local guide.\" \/>\n<meta property=\"og:url\" content=\"https:\/\/thetruecolombianexperience.com\/es\/producto\/walking-tour-true-colombian-experience-in-bogota\/\" \/>\n<meta property=\"og:site_name\" content=\"The true colombian experience\" \/>\n<meta property=\"article:modified_time\" content=\"2026-01-02T14:30:23+00:00\" \/>\n<meta property=\"og:image\" content=\"https:\/\/thetruecolombianexperience.com\/wp-content\/uploads\/2024\/01\/IMG_3104-scaled.jpg\" \/>\n\t<meta property=\"og:image:width\" content=\"2560\" \/>\n\t<meta property=\"og:image:height\" content=\"1707\" \/>\n\t<meta property=\"og:image:type\" content=\"image\/jpeg\" \/>\n<meta name=\"twitter:card\" content=\"summary_large_image\" \/>\n<meta name=\"twitter:label1\" content=\"Tiempo de lectura\" \/>\n\t<meta name=\"twitter:data1\" content=\"4 minutos\" \/>\n<!-- \/ Yoast SEO plugin. -->","yoast_head_json":{"title":"Bogot\u00e1 Walking Tour \u2014 True Colombian Experience with Snacks","description":"Discover Bogot\u00e1 on foot with our cultural walking tour. Taste fruits, play Tejo, and explore La Candelaria\u2019s stories with a bilingual local guide.","robots":{"index":"index","follow":"follow","max-snippet":"max-snippet:-1","max-image-preview":"max-image-preview:large","max-video-preview":"max-video-preview:-1"},"canonical":"https:\/\/thetruecolombianexperience.com\/es\/producto\/walking-tour-true-colombian-experience-in-bogota\/","og_locale":"es_ES","og_type":"article","og_title":"Bogot\u00e1 Walking Tour \u2014 True Colombian Experience with Snacks","og_description":"Discover Bogot\u00e1 on foot with our cultural walking tour. Taste fruits, play Tejo, and explore La Candelaria\u2019s stories with a bilingual local guide.","og_url":"https:\/\/thetruecolombianexperience.com\/es\/producto\/walking-tour-true-colombian-experience-in-bogota\/","og_site_name":"The true colombian experience","article_modified_time":"2026-01-02T14:30:23+00:00","og_image":[{"width":2560,"height":1707,"url":"https:\/\/thetruecolombianexperience.com\/wp-content\/uploads\/2024\/01\/IMG_3104-scaled.jpg","type":"image\/jpeg"}],"twitter_card":"summary_large_image","twitter_misc":{"Tiempo de lectura":"4 minutos"},"schema":{"@context":"https:\/\/schema.org","@graph":[{"@type":"WebPage","@id":"https:\/\/thetruecolombianexperience.com\/product\/walking-tour-true-colombian-experience-in-bogota\/","url":"https:\/\/thetruecolombianexperience.com\/product\/walking-tour-true-colombian-experience-in-bogota\/","name":"Bogot\u00e1 Walking Tour \u2014 True Colombian Experience with Snacks","isPartOf":{"@id":"https:\/\/thetruecolombianexperience.com\/#website"},"primaryImageOfPage":{"@id":"https:\/\/thetruecolombianexperience.com\/product\/walking-tour-true-colombian-experience-in-bogota\/#primaryimage"},"image":{"@id":"https:\/\/thetruecolombianexperience.com\/product\/walking-tour-true-colombian-experience-in-bogota\/#primaryimage"},"thumbnailUrl":"https:\/\/thetruecolombianexperience.com\/wp-content\/uploads\/2024\/01\/IMG_3104-scaled.jpg","datePublished":"2024-01-12T02:36:02+00:00","dateModified":"2026-01-02T14:30:23+00:00","description":"Discover Bogot\u00e1 on foot with our cultural walking tour. Taste fruits, play Tejo, and explore La Candelaria\u2019s stories with a bilingual local guide.","breadcrumb":{"@id":"https:\/\/thetruecolombianexperience.com\/product\/walking-tour-true-colombian-experience-in-bogota\/#breadcrumb"},"inLanguage":"es","potentialAction":[{"@type":"ReadAction","target":["https:\/\/thetruecolombianexperience.com\/product\/walking-tour-true-colombian-experience-in-bogota\/"]}]},{"@type":"ImageObject","inLanguage":"es","@id":"https:\/\/thetruecolombianexperience.com\/product\/walking-tour-true-colombian-experience-in-bogota\/#primaryimage","url":"https:\/\/thetruecolombianexperience.com\/wp-content\/uploads\/2024\/01\/IMG_3104-scaled.jpg","contentUrl":"https:\/\/thetruecolombianexperience.com\/wp-content\/uploads\/2024\/01\/IMG_3104-scaled.jpg","width":2560,"height":1707,"caption":"Bogot\u00e1 Walking Tour guide sharing historic tales in La Candelaria"},{"@type":"BreadcrumbList","@id":"https:\/\/thetruecolombianexperience.com\/product\/walking-tour-true-colombian-experience-in-bogota\/#breadcrumb","itemListElement":[{"@type":"ListItem","position":1,"name":"Home","item":"https:\/\/thetruecolombianexperience.com\/"},{"@type":"ListItem","position":2,"name":"Products","item":"https:\/\/thetruecolombianexperience.com\/shop\/"},{"@type":"ListItem","position":3,"name":"Bogot\u00e1: True Colombian Walking Tour + Local Snacks"}]},{"@type":"WebSite","@id":"https:\/\/thetruecolombianexperience.com\/#website","url":"https:\/\/thetruecolombianexperience.com\/","name":"The true colombian experience","description":"Tours In Colombia","potentialAction":[{"@type":"SearchAction","target":{"@type":"EntryPoint","urlTemplate":"https:\/\/thetruecolombianexperience.com\/?s={search_term_string}"},"query-input":{"@type":"PropertyValueSpecification","valueRequired":true,"valueName":"search_term_string"}}],"inLanguage":"es"}]}},"_links":{"self":[{"href":"https:\/\/thetruecolombianexperience.com\/es\/wp-json\/wp\/v2\/product\/9607","targetHints":{"allow":["GET"]}}],"collection":[{"href":"https:\/\/thetruecolombianexperience.com\/es\/wp-json\/wp\/v2\/product"}],"about":[{"href":"https:\/\/thetruecolombianexperience.com\/es\/wp-json\/wp\/v2\/types\/product"}],"wp:featuredmedia":[{"embeddable":true,"href":"https:\/\/thetruecolombianexperience.com\/es\/wp-json\/wp\/v2\/media\/10722"}],"wp:attachment":[{"href":"https:\/\/thetruecolombianexperience.com\/es\/wp-json\/wp\/v2\/media?parent=9607"}],"wp:term":[{"taxonomy":"product_brand","embeddable":true,"href":"https:\/\/thetruecolombianexperience.com\/es\/wp-json\/wp\/v2\/product_brand?post=9607"},{"taxonomy":"product_cat","embeddable":true,"href":"https:\/\/thetruecolombianexperience.com\/es\/wp-json\/wp\/v2\/product_cat?post=9607"},{"taxonomy":"product_tag","embeddable":true,"href":"https:\/\/thetruecolombianexperience.com\/es\/wp-json\/wp\/v2\/product_tag?post=9607"}],"curies":[{"name":"wp","href":"https:\/\/api.w.org\/{rel}","templated":true}]}}